{"id":3192,"date":"2019-12-11T10:56:45","date_gmt":"2019-12-11T10:56:45","guid":{"rendered":"https:\/\/pro-services-btp.com\/?page_id=3192"},"modified":"2025-07-28T11:18:19","modified_gmt":"2025-07-28T11:18:19","slug":"contact","status":"publish","type":"page","link":"https:\/\/pro-services-btp.com\/index.php\/contact\/","title":{"rendered":"Contact"},"content":{"rendered":"<p>[et_pb_section fb_built=\u00a0\u00bb1&Prime; admin_label=\u00a0\u00bb Call Us\u00a0\u00bb _builder_version=\u00a0\u00bb4.16&Prime; custom_padding=\u00a0\u00bb20px|0px|20px|0px|true|false\u00a0\u00bb animation_style=\u00a0\u00bbslide\u00a0\u00bb animation_direction=\u00a0\u00bbtop\u00a0\u00bb animation_intensity_slide=\u00a0\u00bb10%\u00a0\u00bb box_shadow_style=\u00a0\u00bbpreset3&Prime; box_shadow_vertical=\u00a0\u00bb10px\u00a0\u00bb box_shadow_blur=\u00a0\u00bb105px\u00a0\u00bb box_shadow_spread=\u00a0\u00bb0px\u00a0\u00bb box_shadow_color=\u00a0\u00bbrgba(0,0,0,0.12)\u00a0\u00bb global_colors_info=\u00a0\u00bb{}\u00a0\u00bb][et_pb_row column_structure=\u00a0\u00bb2_3,1_3&Prime; _builder_version=\u00a0\u00bb4.16&Prime; background_color=\u00a0\u00bb#ffffff\u00a0\u00bb custom_margin=\u00a0\u00bb|||\u00a0\u00bb global_colors_info=\u00a0\u00bb{}\u00a0\u00bb][et_pb_column type=\u00a0\u00bb2_3&Prime; _builder_version=\u00a0\u00bb4.16&Prime; custom_padding=\u00a0\u00bb|||\u00a0\u00bb global_colors_info=\u00a0\u00bb{}\u00a0\u00bb custom_padding__hover=\u00a0\u00bb|||\u00a0\u00bb][et_pb_text _builder_version=\u00a0\u00bb4.27.4&Prime; header_font=\u00a0\u00bb||||||||\u00a0\u00bb header_2_font=\u00a0\u00bbRubik|700|||||||\u00a0\u00bb header_2_text_color=\u00a0\u00bb#ffb400&Prime; header_2_font_size=\u00a0\u00bb42px\u00a0\u00bb header_2_line_height=\u00a0\u00bb1.2em\u00a0\u00bb header_4_font=\u00a0\u00bbRubik||||||||\u00a0\u00bb header_4_font_size=\u00a0\u00bb28px\u00a0\u00bb header_4_line_height=\u00a0\u00bb1.4em\u00a0\u00bb header_2_font_size_tablet=\u00a0\u00bb\u00a0\u00bb header_2_font_size_phone=\u00a0\u00bb36px\u00a0\u00bb header_2_font_size_last_edited=\u00a0\u00bbon|phone\u00a0\u00bb global_colors_info=\u00a0\u00bb{}\u00a0\u00bb]<\/p>\n<h2><span style=\"color: #3366ff;\">Appelez<span style=\"white-space: nowrap;\"> au 04 92 12 00 00<\/span><\/span><\/h2>\n<h4>Pour tous renseignements<\/h4>\n<p>[\/et_pb_text][\/et_pb_column][et_pb_column type=\u00a0\u00bb1_3&Prime; _builder_version=\u00a0\u00bb4.16&Prime; custom_padding=\u00a0\u00bb|||\u00a0\u00bb global_colors_info=\u00a0\u00bb{}\u00a0\u00bb custom_padding__hover=\u00a0\u00bb|||\u00a0\u00bb][\/et_pb_column][\/et_pb_row][\/et_pb_section][et_pb_section fb_built=\u00a0\u00bb1&Prime; admin_label=\u00a0\u00bbFAQ\u00a0\u00bb module_id=\u00a0\u00bbmessage\u00a0\u00bb _builder_version=\u00a0\u00bb4.16&Prime; background_color=\u00a0\u00bb#f7f7f7&Prime; custom_padding=\u00a0\u00bb||0px|||\u00a0\u00bb global_colors_info=\u00a0\u00bb{}\u00a0\u00bb][et_pb_row _builder_version=\u00a0\u00bb4.16&Prime; global_colors_info=\u00a0\u00bb{}\u00a0\u00bb][et_pb_column type=\u00a0\u00bb4_4&Prime; _builder_version=\u00a0\u00bb4.16&Prime; custom_padding=\u00a0\u00bb|||\u00a0\u00bb global_colors_info=\u00a0\u00bb{}\u00a0\u00bb custom_padding__hover=\u00a0\u00bb|||\u00a0\u00bb][et_pb_accordion closed_toggle_text_color=\u00a0\u00bb#2a2a2a\u00a0\u00bb closed_toggle_background_color=\u00a0\u00bb#ffffff\u00a0\u00bb icon_color=\u00a0\u00bb#ffb400&Prime; _builder_version=\u00a0\u00bb4.27.4&Prime; toggle_font=\u00a0\u00bbRubik|700|||||||\u00a0\u00bb toggle_font_size=\u00a0\u00bb14px\u00a0\u00bb toggle_line_height=\u00a0\u00bb1.4em\u00a0\u00bb body_font=\u00a0\u00bb||||||||\u00a0\u00bb body_font_size=\u00a0\u00bb15px\u00a0\u00bb body_line_height=\u00a0\u00bb1.8em\u00a0\u00bb min_height=\u00a0\u00bb504px\u00a0\u00bb custom_margin=\u00a0\u00bb||-5px|||\u00a0\u00bb custom_padding=\u00a0\u00bb|||\u00a0\u00bb border_width_all=\u00a0\u00bb0px\u00a0\u00bb global_colors_info=\u00a0\u00bb{}\u00a0\u00bb][et_pb_accordion_item open=\u00a0\u00bbon\u00a0\u00bb _builder_version=\u00a0\u00bb4.16&Prime; custom_margin=\u00a0\u00bb1px||1px||true\u00a0\u00bb global_colors_info=\u00a0\u00bb{}\u00a0\u00bb]<\/p>\n<ul>\n<li><strong>Standard \/ Service commercial :<\/strong><\/li>\n<ul>\n<li>T\u00e9l. : +33 (0)4 92 12 00 00<\/li>\n<li>Mail : <a href=\"mailto:service.commercial@pro-services-btp.com\">service.commercial@pro-services-btp.com<\/a><\/li>\n<\/ul>\n<li><strong>Pi\u00e8ces d\u00e9tach\u00e9es &amp; Magasin :<\/strong><\/li>\n<ul>\n<li>T\u00e9l. : +33 (0)4 92 12 01 24<\/li>\n<li>Mail : <a href=\"mailto:celine.questroy@pro-services-btp.com\">magasin@pro-services-btp.com<\/a><\/li>\n<li>Mail : <a href=\"mailto:pieces@pro-services-btp.com\">pieces@pro-services-btp.com<\/a><\/li>\n<\/ul>\n<li><strong>Atelier \/ Service Technique :<\/strong><\/li>\n<ul>\n<li>T\u00e9l. : +33 (0)4 92 12 01 23<\/li>\n<li>Mail : <a href=\"mailto:technique@pro-services-btp.com\">technique@pro-services-btp.com<\/a><\/li>\n<li>Mail: \u00a0<a href=\"mailto:atelier@pro-services-btp.com\">atelier@pro-services-btp.com<\/a><\/li>\n<\/ul>\n<\/ul>\n<p>[\/et_pb_accordion_item][\/et_pb_accordion][\/et_pb_column][\/et_pb_row][\/et_pb_section][et_pb_section fb_built=\u00a0\u00bb1&Prime; fullwidth=\u00a0\u00bbon\u00a0\u00bb admin_label=\u00a0\u00bbMap Section\u00a0\u00bb _builder_version=\u00a0\u00bb4.16&Prime; global_colors_info=\u00a0\u00bb{}\u00a0\u00bb][et_pb_fullwidth_image src=\u00a0\u00bbhttps:\/\/pro-services-btp.com\/wp-content\/uploads\/2025\/01\/signature-2-scaled.jpg\u00a0\u00bb title_text=\u00a0\u00bbsignature 2&Prime; url=\u00a0\u00bbhttps:\/\/midi-mat.com\/demande-de-badge\/\u00a0\u00bb _builder_version=\u00a0\u00bb4.27.4&Prime; _module_preset=\u00a0\u00bbdefault\u00a0\u00bb width=\u00a0\u00bb56%\u00a0\u00bb module_alignment=\u00a0\u00bbcenter\u00a0\u00bb global_colors_info=\u00a0\u00bb{}\u00a0\u00bb disabled_on=\u00a0\u00bbon|on|on\u00a0\u00bb disabled=\u00a0\u00bbon\u00a0\u00bb][\/et_pb_fullwidth_image][\/et_pb_section]<\/p>\n","protected":false},"excerpt":{"rendered":"<p>Appelez au 04 92 12 00 00 Pour tous renseignements Standard \/ Service commercial : T\u00e9l. : +33 (0)4 92 12 00 00 Mail : service.commercial@pro-services-btp.com Pi\u00e8ces d\u00e9tach\u00e9es &amp; Magasin : T\u00e9l. : +33 (0)4 92 12 01 24 Mail : magasin@pro-services-btp.com Mail : pieces@pro-services-btp.com Atelier \/ Service Technique : T\u00e9l. : +33 (0)4 92 [&hellip;]<\/p>\n","protected":false},"author":1,"featured_media":0,"parent":0,"menu_order":0,"comment_status":"closed","ping_status":"closed","template":"","meta":{"_acf_changed":false,"_et_pb_use_builder":"on","_et_pb_old_content":"","_et_gb_content_width":"","footnotes":""},"class_list":["post-3192","page","type-page","status-publish","hentry"],"acf":[],"jetpack_shortlink":"https:\/\/wp.me\/P9YTPf-Pu","jetpack-related-posts":[],"jetpack_sharing_enabled":true,"_links":{"self":[{"href":"https:\/\/pro-services-btp.com\/index.php\/wp-json\/wp\/v2\/pages\/3192","targetHints":{"allow":["GET"]}}],"collection":[{"href":"https:\/\/pro-services-btp.com\/index.php\/wp-json\/wp\/v2\/pages"}],"about":[{"href":"https:\/\/pro-services-btp.com\/index.php\/wp-json\/wp\/v2\/types\/page"}],"author":[{"embeddable":true,"href":"https:\/\/pro-services-btp.com\/index.php\/wp-json\/wp\/v2\/users\/1"}],"replies":[{"embeddable":true,"href":"https:\/\/pro-services-btp.com\/index.php\/wp-json\/wp\/v2\/comments?post=3192"}],"version-history":[{"count":50,"href":"https:\/\/pro-services-btp.com\/index.php\/wp-json\/wp\/v2\/pages\/3192\/revisions"}],"predecessor-version":[{"id":72356,"href":"https:\/\/pro-services-btp.com\/index.php\/wp-json\/wp\/v2\/pages\/3192\/revisions\/72356"}],"wp:attachment":[{"href":"https:\/\/pro-services-btp.com\/index.php\/wp-json\/wp\/v2\/media?parent=3192"}],"curies":[{"name":"wp","href":"https:\/\/api.w.org\/{rel}","templated":true}]}}