{"id":72571,"date":"2026-02-11T09:33:53","date_gmt":"2026-02-11T09:33:53","guid":{"rendered":"https:\/\/pro-services-btp.com\/?page_id=72571"},"modified":"2026-02-11T09:33:53","modified_gmt":"2026-02-11T09:33:53","slug":"mentions-legales","status":"publish","type":"page","link":"https:\/\/pro-services-btp.com\/index.php\/mentions-legales\/","title":{"rendered":"Mentions L\u00e9gales"},"content":{"rendered":"<p>[et_pb_section fb_built=\u00a0\u00bb1&Prime; theme_builder_area=\u00a0\u00bbpost_content\u00a0\u00bb _builder_version=\u00a0\u00bb4.27.5&Prime; _module_preset=\u00a0\u00bbdefault\u00a0\u00bb][et_pb_row _builder_version=\u00a0\u00bb4.27.5&Prime; _module_preset=\u00a0\u00bbdefault\u00a0\u00bb theme_builder_area=\u00a0\u00bbpost_content\u00a0\u00bb][et_pb_column _builder_version=\u00a0\u00bb4.27.5&Prime; _module_preset=\u00a0\u00bbdefault\u00a0\u00bb type=\u00a0\u00bb4_4&Prime; theme_builder_area=\u00a0\u00bbpost_content\u00a0\u00bb][et_pb_text _builder_version=\u00a0\u00bb4.27.5&Prime; _module_preset=\u00a0\u00bbdefault\u00a0\u00bb theme_builder_area=\u00a0\u00bbpost_content\u00a0\u00bb hover_enabled=\u00a0\u00bb0&Prime; sticky_enabled=\u00a0\u00bb0&Prime;]<\/p>\n<p><strong>Mentions l\u00e9gales de\u00a0PRO SERVICES BTP <\/strong><\/p>\n<p><strong>Informations l\u00e9gales<\/strong><\/p>\n<p>Raison sociale : <strong>PRO SERVICES BTP<\/strong><\/p>\n<p>Forme juridique : <strong>SARL<\/strong><\/p>\n<p>Capital social :<strong> 500 000 \u20ac<\/strong><\/p>\n<p>N\u00b0 d&rsquo;inscription au RCS ou r\u00e9pertoire des m\u00e9tiers : <strong>521 293 670 R.C.S. Grasse<\/strong><\/p>\n<p>SIRET : <strong>52129367000027<\/strong><\/p>\n<p>N\u00b0 d\u2019assujettissement \u00e0 la TVA : <strong>FR74521293670<\/strong><\/p>\n<p>Nom du directeur de la r\u00e9daction\/publication :<strong>M. Frederic Leyssieux<\/strong><\/p>\n<p>Adresse : <strong>560 ZAC de Saint Esteve, 06640 SAINT-JEANNET<\/strong><\/p>\n<p>Adresse \u00e9lectronique : <strong>contact@pro-services-btp.com<\/strong><\/p>\n<p>T\u00e9l\u00e9phone : <strong>04 92 12 00 00<\/strong><\/p>\n<p><strong>H\u00e9bergeur<\/strong><\/p>\n<p>Ce site internet est h\u00e9berg\u00e9 dans un centre de donn\u00e9es europ\u00e9en situ\u00e9 \u00e0 Roubaix en France par la soci\u00e9t\u00e9 OVH dont le si\u00e8ge social est \u00e9tabli :<\/p>\n<p>\u00a0SAS au capital de 50 000 000 \u20ac<\/p>\n<p>RCS Lille M\u00e9tropole 424 761 419 00045<br \/>Code APE 2620Z<br \/>N\u00b0 TVA : FR 22 424 761 419<br \/>Si\u00e8ge social : 2 rue Kellermann &#8211; 59100 Roubaix &#8211; France<\/p>\n<p><a href=\"https:\/\/ovh.com\">https:\/\/ovh.com<\/a><\/p>\n<p><strong>Conditions d&rsquo;utilisation du site Internet www.pro-services-btp.com<\/strong><\/p>\n<p>\u00a0Le site et chacun des \u00e9l\u00e9ments, y compris mais sans limitation les marques, les logos, ic\u00f4nes, infographies, photographies, qui le composent sont prot\u00e9g\u00e9s au titre de la l\u00e9gislation internationale de la propri\u00e9t\u00e9 intellectuelle. Les contenus figurant sur le site sont la propri\u00e9t\u00e9 de PRO SERVICES BTP ou d\u2019autres entreprises. Toute utilisation, reproduction ou repr\u00e9sentation, par quelque proc\u00e9d\u00e9 que ce soit, et sur quelque support que ce soit, de tout ou partie du site et\/ou des \u00e9l\u00e9ments qui le composent n&rsquo;est pas autoris\u00e9e sans le consentement expresse de PRO SERVICES BTP.<\/p>\n<p>La marque PRO SERVICES BTP, le logo PRO SERVICES BTP , et toutes les autres marques PRO SERVICES BTP qui figurent sur le pr\u00e9sent site internet sont des marques enregistr\u00e9es, dont le titulaire est la soci\u00e9t\u00e9 SARL PRO SERVICES BTP. Toutes les autres marques qui figurent sur le pr\u00e9sent site internet sont la propri\u00e9t\u00e9 de leurs titulaires respectifs.<\/p>\n<p><strong>Donn\u00e9es personnelles<\/strong><\/p>\n<p>D&rsquo;une fa\u00e7on g\u00e9n\u00e9rale, vous pouvez visiter notre site sur Internet sans avoir \u00e0 d\u00e9cliner votre identit\u00e9 et \u00e0 fournir des informations personnelles vous concernant. Cependant, nous pouvons parfois vous demander des informations. Par exemple, pour traiter une commande, \u00e9tablir une correspondance, fournir un abonnement ou soumettre une candidature \u00e0 un poste. Nous<\/p>\n<p>&nbsp;<\/p>\n<p>[\/et_pb_text][\/et_pb_column][\/et_pb_row][\/et_pb_section]<\/p>\n","protected":false},"excerpt":{"rendered":"<p>Mentions l\u00e9gales de\u00a0PRO SERVICES BTP Informations l\u00e9gales Raison sociale : PRO SERVICES BTP Forme juridique : SARL Capital social : 500 000 \u20ac N\u00b0 d&rsquo;inscription au RCS ou r\u00e9pertoire des m\u00e9tiers : 521 293 670 R.C.S. Grasse SIRET : 52129367000027 N\u00b0 d\u2019assujettissement \u00e0 la TVA : FR74521293670 Nom du directeur de la r\u00e9daction\/publication :M. Frederic [&hellip;]<\/p>\n","protected":false},"author":1,"featured_media":0,"parent":0,"menu_order":0,"comment_status":"closed","ping_status":"closed","template":"","meta":{"_acf_changed":false,"_et_pb_use_builder":"on","_et_pb_old_content":"","_et_gb_content_width":"","footnotes":""},"class_list":["post-72571","page","type-page","status-publish","hentry"],"acf":[],"jetpack_shortlink":"https:\/\/wp.me\/P9YTPf-iSv","jetpack-related-posts":[{"id":3192,"url":"https:\/\/pro-services-btp.com\/index.php\/contact\/","url_meta":{"origin":72571,"position":0},"title":"Contact","author":"admin","date":"d\u00e9cembre 11, 2019","format":false,"excerpt":"","rel":"","context":"Article similaire","block_context":{"text":"Article similaire","link":""},"img":{"alt_text":"","src":"","width":0,"height":0},"classes":[]},{"id":72581,"url":"https:\/\/pro-services-btp.com\/index.php\/catalogue-pieces-btp\/","url_meta":{"origin":72571,"position":1},"title":"catalogue-pieces-btp","author":"admin","date":"f\u00e9vrier 19, 2026","format":false,"excerpt":"","rel":"","context":"Article similaire","block_context":{"text":"Article similaire","link":""},"img":{"alt_text":"","src":"","width":0,"height":0},"classes":[]},{"id":667,"url":"https:\/\/pro-services-btp.com\/index.php\/blog\/","url_meta":{"origin":72571,"position":2},"title":"Blog","author":"admin","date":"f\u00e9vrier 13, 2019","format":false,"excerpt":"","rel":"","context":"Article similaire","block_context":{"text":"Article similaire","link":""},"img":{"alt_text":"","src":"","width":0,"height":0},"classes":[]},{"id":1635,"url":"https:\/\/pro-services-btp.com\/index.php\/exports-2\/","url_meta":{"origin":72571,"position":3},"title":"Exports","author":"admin","date":"avril 3, 2019","format":false,"excerpt":"","rel":"","context":"Article similaire","block_context":{"text":"Article similaire","link":""},"img":{"alt_text":"","src":"https:\/\/i0.wp.com\/pro-services-btp.com\/wp-content\/uploads\/2019\/04\/Exports2.jpg?resize=350%2C200&ssl=1","width":350,"height":200,"srcset":"https:\/\/i0.wp.com\/pro-services-btp.com\/wp-content\/uploads\/2019\/04\/Exports2.jpg?resize=350%2C200&ssl=1 1x, https:\/\/i0.wp.com\/pro-services-btp.com\/wp-content\/uploads\/2019\/04\/Exports2.jpg?resize=525%2C300&ssl=1 1.5x, https:\/\/i0.wp.com\/pro-services-btp.com\/wp-content\/uploads\/2019\/04\/Exports2.jpg?resize=700%2C400&ssl=1 2x, https:\/\/i0.wp.com\/pro-services-btp.com\/wp-content\/uploads\/2019\/04\/Exports2.jpg?resize=1050%2C600&ssl=1 3x"},"classes":[]},{"id":9085,"url":"https:\/\/pro-services-btp.com\/index.php\/politique-de-cookies-ue\/","url_meta":{"origin":72571,"position":4},"title":"Politique de cookies (UE)","author":"admin","date":"novembre 4, 2022","format":false,"excerpt":"","rel":"","context":"Article similaire","block_context":{"text":"Article similaire","link":""},"img":{"alt_text":"","src":"","width":0,"height":0},"classes":[]},{"id":71565,"url":"https:\/\/pro-services-btp.com\/","url_meta":{"origin":72571,"position":5},"title":"Accueil","author":"admin","date":"novembre 8, 2024","format":false,"excerpt":"","rel":"","context":"Article similaire","block_context":{"text":"Article similaire","link":""},"img":{"alt_text":"","src":"","width":0,"height":0},"classes":[]}],"jetpack_sharing_enabled":true,"_links":{"self":[{"href":"https:\/\/pro-services-btp.com\/index.php\/wp-json\/wp\/v2\/pages\/72571","targetHints":{"allow":["GET"]}}],"collection":[{"href":"https:\/\/pro-services-btp.com\/index.php\/wp-json\/wp\/v2\/pages"}],"about":[{"href":"https:\/\/pro-services-btp.com\/index.php\/wp-json\/wp\/v2\/types\/page"}],"author":[{"embeddable":true,"href":"https:\/\/pro-services-btp.com\/index.php\/wp-json\/wp\/v2\/users\/1"}],"replies":[{"embeddable":true,"href":"https:\/\/pro-services-btp.com\/index.php\/wp-json\/wp\/v2\/comments?post=72571"}],"version-history":[{"count":2,"href":"https:\/\/pro-services-btp.com\/index.php\/wp-json\/wp\/v2\/pages\/72571\/revisions"}],"predecessor-version":[{"id":72573,"href":"https:\/\/pro-services-btp.com\/index.php\/wp-json\/wp\/v2\/pages\/72571\/revisions\/72573"}],"wp:attachment":[{"href":"https:\/\/pro-services-btp.com\/index.php\/wp-json\/wp\/v2\/media?parent=72571"}],"curies":[{"name":"wp","href":"https:\/\/api.w.org\/{rel}","templated":true}]}}